{"id":62,"date":"2023-05-24T11:11:14","date_gmt":"2023-05-24T11:11:14","guid":{"rendered":"https:\/\/1daf4f9a-f32b-44d6-96ad-fc4cbd1c58d7.eu02.conves.io\/?page_id=62"},"modified":"2025-08-28T02:00:16","modified_gmt":"2025-08-28T02:00:16","slug":"privacy-policy","status":"publish","type":"page","link":"https:\/\/ideaerasmus.eu\/pl\/privacy-policy\/","title":{"rendered":"Polityka prywatno\u015bci"},"content":{"rendered":"<div data-elementor-type=\"wp-page\" data-elementor-id=\"62\" class=\"elementor elementor-62\">\n\t\t\t\t\t\t<section class=\"elementor-section elementor-top-section elementor-element elementor-element-23c5ee8 elementor-section-boxed elementor-section-height-default elementor-section-height-default\" data-id=\"23c5ee8\" data-element_type=\"section\" data-e-type=\"section\">\n\t\t\t\t\t\t<div class=\"elementor-container elementor-column-gap-default\">\n\t\t\t\t\t<div class=\"elementor-column elementor-col-100 elementor-top-column elementor-element elementor-element-deae836\" data-id=\"deae836\" data-element_type=\"column\" data-e-type=\"column\">\n\t\t\t<div class=\"elementor-widget-wrap elementor-element-populated\">\n\t\t\t\t\t\t<div class=\"elementor-element elementor-element-35428e8 elementor-widget elementor-widget-text-editor\" data-id=\"35428e8\" data-element_type=\"widget\" data-e-type=\"widget\" data-widget_type=\"text-editor.default\">\n\t\t\t\t<div class=\"elementor-widget-container\">\n\t\t\t\t\t\t\t\t\t<p>Przy<strong>&nbsp;IDEA<\/strong>zobowi\u0105zujemy si\u0119 do ochrony prywatno\u015bci u\u017cytkownik\u00f3w i przetwarzania ich danych osobowych w spos\u00f3b zgodny z prawem, uczciwy i przejrzysty, zgodnie z og\u00f3lnym rozporz\u0105dzeniem o ochronie danych (UE).&nbsp;<strong>2016\/679 (GDPR)<\/strong>&nbsp;i wszelkie inne obowi\u0105zuj\u0105ce przepisy dotycz\u0105ce ochrony danych.<br>Niniejsza Polityka prywatno\u015bci wyja\u015bnia, w jaki spos\u00f3b gromadzimy, wykorzystujemy, przechowujemy i chronimy dane osobowe u\u017cytkownik\u00f3w korzystaj\u0105cych z naszej witryny internetowej.<\/p>\n<h3>1. Administrator danych<\/h3>\n<p>Administratorem danych odpowiedzialnym za przetwarzanie danych osobowych na tej stronie internetowej jest:<\/p>\n<p>Imi\u0119 i nazwisko koordynatora \/ nazwa organizacji<\/p>\n<p>Adres: Pro\u015bb\u00f3w 2\/8 37-500 Jaros\u0142aw<br>E-mail:&nbsp;<a href=\"mailto:eletesertek@gmail.com\">&nbsp;biuro@fundacjacim.pl<\/a><\/p>\n<p>W przypadku jakichkolwiek pyta\u0144 dotycz\u0105cych danych u\u017cytkownika lub ch\u0119ci skorzystania z praw przys\u0142uguj\u0105cych mu na mocy RODO, u\u017cytkownik mo\u017ce skontaktowa\u0107 si\u0119 z nami, korzystaj\u0105c z powy\u017cszych danych.<\/p>\n<h3>2. Kategorie gromadzonych danych<\/h3>\n<p>Mo\u017cemy gromadzi\u0107 nast\u0119puj\u0105ce kategorie danych:<\/p>\n<ul>\n<li><b>Dane przegl\u0105dania<\/b>: Adres IP, typ przegl\u0105darki, system operacyjny, data i godzina dost\u0119pu, odwiedzane strony (zbierane automatycznie w celach technicznych i bezpiecze\u0144stwa).<\/li>\n<li><b>Dane osobowe<\/b>: Imi\u0119, nazwisko, adres e-mail oraz wszelkie inne informacje podane dobrowolnie za po\u015brednictwem formularzy kontaktowych lub rejestracyjnych.<\/li>\n<li><b>Pliki cookie i podobne technologie<\/b>: Informacje gromadzone za po\u015brednictwem plik\u00f3w cookie lub podobnych narz\u0119dzi \u015bledz\u0105cych (patrz sekcja 6).<\/li>\n<\/ul>\n<p>Nie gromadzimy \u015bwiadomie danych os\u00f3b poni\u017cej 16 roku \u017cycia. Je\u015bli odkryjemy, \u017ce takie dane zosta\u0142y zebrane bez zgody rodzic\u00f3w, natychmiast je usuniemy.<\/p>\n<h3>3. Jak zbieramy dane<\/h3>\n<ul>\n<li>Podczas przegl\u0105dania naszej witryny.<\/li>\n<li>Podczas wype\u0142niania formularza kontaktowego, rejestracyjnego lub subskrypcji.<\/li>\n<li>Za pomoc\u0105 plik\u00f3w cookie i podobnych technologii.<\/li>\n<li>Podczas interakcji z osadzonymi tre\u015bciami stron trzecich (np. filmami, mapami).<\/li>\n<\/ul>\n<h3>4. Cel i podstawa prawna przetwarzania<\/h3>\n<p>Dane osobowe u\u017cytkownika s\u0105 przetwarzane w nast\u0119puj\u0105cych celach:<\/p>\n<ul>\n<li>Zapewnienie funkcjonalno\u015bci, bezpiecze\u0144stwa i wydajno\u015bci strony internetowej - przetwarzane na podstawie art. 6 ust. 1 lit. f) RODO (uzasadniony interes).<\/li>\n<li>Odpowiadanie na pro\u015bby o kontakt lub rejestracj\u0119 - przetwarzane na podstawie art. 6 ust. 1 lit. a) RODO (zgoda).<\/li>\n<li>W celu analizy korzystania z witryny i poprawy komfortu u\u017cytkowania za pomoc\u0105 nieistotnych plik\u00f3w cookie - przetwarzanych zgodnie z art. 6 ust. 1 lit. a) RODO (zgoda).<\/li>\n<li>W celu spe\u0142nienia obowi\u0105zk\u00f3w prawnych, w tym wymog\u00f3w administracyjnych i sprawozdawczych - przetwarzane na podstawie art. 6 ust. 1 lit. c) RODO (obowi\u0105zek prawny).<\/li>\n<\/ul>\n<p>Nie wykorzystujemy danych osobowych u\u017cytkownik\u00f3w do zautomatyzowanego podejmowania decyzji ani profilowania.<\/p>\n<h3>5. Okres przechowywania danych<\/h3>\n<div>\n<div>Dane osobowe b\u0119d\u0105 przechowywane tylko tak d\u0142ugo, jak b\u0119dzie to konieczne do realizacji cel\u00f3w, dla kt\u00f3rych zosta\u0142y zebrane i zgodnie z czasem trwania projektu.&nbsp;<\/div>\n<div>O ile nie jest to wymagane do cel\u00f3w prawnych, administracyjnych lub audytowych, dane osobowe zostan\u0105 usuni\u0119te nie p\u00f3\u017aniej ni\u017c dwa (2) lata po oficjalnym zako\u0144czeniu projektu.&nbsp;<\/div>\n<div>&nbsp;<\/div>\n<h3>6. Udost\u0119pnianie danych i us\u0142ugi stron trzecich<\/h3>\n<\/div>\n<div>\n<p>U\u017cywamy plik\u00f3w cookie w celu poprawy funkcjonalno\u015bci naszej strony internetowej, analizowania u\u017cytkowania i w\u0142\u0105czania niekt\u00f3rych funkcji. Pliki cookie s\u0105 klasyfikowane jako:<\/p>\n<ul>\n<li>Niezb\u0119dne pliki cookie - wymagane do dzia\u0142ania witryny (nie mo\u017cna ich wy\u0142\u0105czy\u0107).<\/li>\n<li>Funkcjonalne pliki cookie - umo\u017cliwiaj\u0105 dodatkowe funkcje i personalizacj\u0119.<\/li>\n<li>Analityczne pliki cookie - pomagaj\u0105 nam zrozumie\u0107 ruch w witrynie (np. Google Analytics).<\/li>\n<\/ul>\n<p>U\u017cytkownik mo\u017ce zarz\u0105dza\u0107 swoimi preferencjami dotycz\u0105cymi plik\u00f3w cookie za po\u015brednictwem naszego narz\u0119dzia do wyra\u017cania zgody na pliki cookie (obs\u0142ugiwanego przez CookieYes) i wycofa\u0107 swoj\u0105 zgod\u0119 w dowolnym momencie.<\/p>\n<h3>7. Udost\u0119pnianie danych i us\u0142ugi stron trzecich<\/h3>\n<p>Nie sprzedajemy ani nie wymieniamy danych osobowych u\u017cytkownik\u00f3w. Mo\u017cemy jednak udost\u0119pnia\u0107 je zaufanym dostawcom us\u0142ug w celu zapewnienia funkcjonalno\u015bci witryny. Mog\u0105 one obejmowa\u0107:<\/p>\n<ul>\n<li>YouTube - Filmy osadzone.<\/li>\n<li>Google Analytics \/ WP Statistics - Analityka strony internetowej.<\/li>\n<li>Inne wtyczki WordPress - dostarczanie tre\u015bci i interakcja z u\u017cytkownikiem.<\/li>\n<\/ul>\n<p>Niekt\u00f3rzy z tych dostawc\u00f3w mog\u0105 przetwarza\u0107 dane poza UE\/EOG (np. w Stanach Zjednoczonych). W takich przypadkach zapewniamy zgodno\u015b\u0107 z RODO poprzez:<\/p>\n<ul>\n<li>Decyzje w sprawie adekwatno\u015bci wydane przez Komisj\u0119 Europejsk\u0105, lub<\/li>\n<li>Standardowe klauzule umowne (SCC) zatwierdzone przez Komisj\u0119 Europejsk\u0105.<\/li>\n<\/ul>\n<p>Linki do polityk prywatno\u015bci stron trzecich:<\/p>\n<ul>\n<li>Google:&nbsp;<a href=\"https:\/\/policies.google.com\/privacy\">https:\/\/policies.google.com\/privacy<\/a><\/li>\n<li>YouTube:&nbsp;<a href=\"https:\/\/www.youtube.com\/t\/privacy\" target=\"_blank\">https:\/\/www.youtube.com\/t\/privacy<\/a><\/li>\n<\/ul>\n<h3>8. Prawa u\u017cytkownika w zakresie ochrony danych<\/h3>\n<p>Masz prawo do:<\/p>\n<ul>\n<li>Dost\u0119p do danych osobowych (art. 15 RODO).<\/li>\n<li>Sprostowanie niedok\u0142adnych lub niekompletnych danych (art. 16 RODO).<\/li>\n<li>\u017b\u0105danie usuni\u0119cia danych (art. 17 RODO).<\/li>\n<li>Ograniczenie przetwarzania w okre\u015blonych okoliczno\u015bciach (art. 18 RODO).<\/li>\n<li>Sprzeciw wobec przetwarzania danych na podstawie prawnie uzasadnionego interesu (art. 21 RODO).<\/li>\n<li>Otrzymywania danych w formacie przeno\u015bnym (art. 20 RODO).<\/li>\n<li>Wycofania zgody w dowolnym momencie bez wp\u0142ywu na zgodno\u015b\u0107 z prawem przetwarzania przed jej wycofaniem (art. 7 RODO).<\/li>\n<li>Z\u0142o\u017cy\u0107 skarg\u0119 do krajowego organu ochrony danych.<\/li>\n<\/ul>\n<p>Aby skorzysta\u0107 z tych praw, nale\u017cy skontaktowa\u0107 si\u0119 z nami pod adresem e-mail podanym w sekcji 1.<\/p>\n<h3>9. \u015arodki bezpiecze\u0144stwa<\/h3>\n<p>Wdra\u017camy odpowiednie \u015brodki techniczne i organizacyjne w celu zapewnienia bezpiecze\u0144stwa danych osobowych u\u017cytkownika, w tym szyfrowanie (SSL\/TLS), kontrol\u0119 dost\u0119pu i regularne audyty bezpiecze\u0144stwa.<\/p>\n<h3>10. Aktualizacje<\/h3>\n<p>Niniejsza Polityka prywatno\u015bci mo\u017ce by\u0107 aktualizowana w celu odzwierciedlenia zmian prawnych, technicznych lub operacyjnych. Wszystkie aktualizacje b\u0119d\u0105 publikowane na tej stronie<\/p>\n<\/div>\t\t\t\t\t\t\t\t<\/div>\n\t\t\t\t<\/div>\n\t\t\t\t\t<\/div>\n\t\t<\/div>\n\t\t\t\t\t<\/div>\n\t\t<\/section>\n\t\t\t\t<\/div>","protected":false},"excerpt":{"rendered":"<p>At&nbsp;IDEA, we are committed to protecting your privacy and processing your personal data lawfully, fairly, and transparently in accordance with the General Data Protection Regulation (EU)&nbsp;2016\/679 (GDPR)&nbsp;and any other applicable data protection laws.This Privacy Policy explains how we collect, use, store, and protect your personal data when you use our website. 1. Data Controller The [&hellip;]<\/p>\n","protected":false},"author":1,"featured_media":0,"parent":0,"menu_order":0,"comment_status":"closed","ping_status":"closed","template":"elementor_header_footer","meta":{"footnotes":""},"class_list":["post-62","page","type-page","status-publish","hentry"],"blocksy_meta":[],"_links":{"self":[{"href":"https:\/\/ideaerasmus.eu\/pl\/wp-json\/wp\/v2\/pages\/62","targetHints":{"allow":["GET"]}}],"collection":[{"href":"https:\/\/ideaerasmus.eu\/pl\/wp-json\/wp\/v2\/pages"}],"about":[{"href":"https:\/\/ideaerasmus.eu\/pl\/wp-json\/wp\/v2\/types\/page"}],"author":[{"embeddable":true,"href":"https:\/\/ideaerasmus.eu\/pl\/wp-json\/wp\/v2\/users\/1"}],"replies":[{"embeddable":true,"href":"https:\/\/ideaerasmus.eu\/pl\/wp-json\/wp\/v2\/comments?post=62"}],"version-history":[{"count":13,"href":"https:\/\/ideaerasmus.eu\/pl\/wp-json\/wp\/v2\/pages\/62\/revisions"}],"predecessor-version":[{"id":772,"href":"https:\/\/ideaerasmus.eu\/pl\/wp-json\/wp\/v2\/pages\/62\/revisions\/772"}],"wp:attachment":[{"href":"https:\/\/ideaerasmus.eu\/pl\/wp-json\/wp\/v2\/media?parent=62"}],"curies":[{"name":"wp","href":"https:\/\/api.w.org\/{rel}","templated":true}]}}