{"id":42,"date":"2023-05-24T10:51:26","date_gmt":"2023-05-24T10:51:26","guid":{"rendered":"https:\/\/1daf4f9a-f32b-44d6-96ad-fc4cbd1c58d7.eu02.conves.io\/?page_id=42"},"modified":"2024-04-22T02:52:13","modified_gmt":"2024-04-22T02:52:13","slug":"partners","status":"publish","type":"page","link":"https:\/\/ideaerasmus.eu\/pl\/partners\/","title":{"rendered":"Wzmacniacz"},"content":{"rendered":"<div data-elementor-type=\"wp-page\" data-elementor-id=\"42\" class=\"elementor elementor-42\">\n\t\t\t\t\t\t<section class=\"elementor-section elementor-top-section elementor-element elementor-element-7a92efa elementor-section-boxed elementor-section-height-default elementor-section-height-default\" data-id=\"7a92efa\" data-element_type=\"section\" data-e-type=\"section\" data-settings=\"{&quot;background_background&quot;:&quot;classic&quot;}\">\n\t\t\t\t\t\t\t<div class=\"elementor-background-overlay\"><\/div>\n\t\t\t\t\t\t\t<div class=\"elementor-container elementor-column-gap-default\">\n\t\t\t\t\t<div class=\"elementor-column elementor-col-100 elementor-top-column elementor-element elementor-element-f1baf5e\" data-id=\"f1baf5e\" data-element_type=\"column\" data-e-type=\"column\" data-settings=\"{&quot;background_background&quot;:&quot;classic&quot;}\">\n\t\t\t<div class=\"elementor-widget-wrap elementor-element-populated\">\n\t\t\t\t\t\t<div class=\"elementor-element elementor-element-690ab6e elementor-position-top elementor-widget elementor-widget-image-box\" data-id=\"690ab6e\" data-element_type=\"widget\" data-e-type=\"widget\" data-widget_type=\"image-box.default\">\n\t\t\t\t<div class=\"elementor-widget-container\">\n\t\t\t\t\t<div class=\"elementor-image-box-wrapper\"><figure class=\"elementor-image-box-img\"><img decoding=\"async\" src=\"https:\/\/ideaerasmus.eu\/wp-content\/uploads\/elementor\/thumbs\/Picture4-1-rbxj56ou4n1qr8y6a5x6ccpsn2cwzdshevsyfxhkow.jpg\" title=\"Zdj\u0119cie 4\" alt=\"Picture4\" loading=\"lazy\" \/><\/figure><div class=\"elementor-image-box-content\"><h3 class=\"elementor-image-box-title\">Caritas Archidiecezji Przemyskiej<\/h3><p class=\"elementor-image-box-description\"><b>Caritas Archidiecezji Przemyskiej jest organizacj\u0105 pozarz\u0105dow\u0105 dzia\u0142aj\u0105c\u0105 na terenie Archidiecezji Przemyskiej od 1990 roku. Dzia\u0142alno\u015b\u0107 organizacji opiera si\u0119 na pomocy osobom potrzebuj\u0105cym, w tym: <br><\/b><br>- bezdomny <br>- wy\u0142\u0105czony<br> - samotny <br>- starszy <br>- bezrobotni <br><br>Caritas prowadzi sto\u0142\u00f3wk\u0119 dla os\u00f3b do\u015bwiadczaj\u0105cych ub\u00f3stwa, \u0142a\u017ani\u0119 oraz cykliczn\u0105 dystrybucj\u0119 \u017cywno\u015bci dla os\u00f3b potrzebuj\u0105cych. Ponadto organizacja wyspecjalizowa\u0142a si\u0119 w pozyskiwaniu funduszy europejskich i dzi\u0119ki nim zrealizowa\u0142a kilka projekt\u00f3w: <br>\n- Centra Integracji Spo\u0142ecznej <br>\n- Wypo\u017cyczalnia sprz\u0119tu rehabilitacyjnego <br>\n- Domy opieki dziennej dla os\u00f3b niesamodzielnych <br>- Opieka mobilna w miejscu zamieszkania <br>- Domy opieki <br>- O\u015brodki opieki dziennej socjoterapeutycznej - Domy opieki dziennej <br><br>\nPodkarpacki O\u015brodek Wsparcia Ekonomii Spo\u0142ecznej Caritas AP posiada ponad 8-letnie do\u015bwiadczenie w obs\u0142udze grupy docelowej, kt\u00f3rej zamierza udzieli\u0107 wsparcia w zakresie merytorycznym (m.in. w obszarze reintegracji spo\u0142eczno-zawodowej os\u00f3b zagro\u017conych wykluczeniem spo\u0142ecznym, wsparcie aktywizacyjne\/szkoleniowe i opieka nad osobami niesamodzielnymi, w tym niepe\u0142nosprawnymi, prowadzenie mieszkania szkoleniowego).\n<\/p><\/div><\/div>\t\t\t\t<\/div>\n\t\t\t\t<\/div>\n\t\t\t\t<div class=\"elementor-element elementor-element-5970fed elementor-align-center elementor-widget elementor-widget-button\" data-id=\"5970fed\" data-element_type=\"widget\" data-e-type=\"widget\" data-widget_type=\"button.default\">\n\t\t\t\t<div class=\"elementor-widget-container\">\n\t\t\t\t\t\t\t\t\t<div class=\"elementor-button-wrapper\">\n\t\t\t\t\t<a class=\"elementor-button elementor-button-link elementor-size-md\" href=\"https:\/\/caritas.przemyska.pl\/\" target=\"_blank\">\n\t\t\t\t\t\t<span class=\"elementor-button-content-wrapper\">\n\t\t\t\t\t\t\t\t\t<span class=\"elementor-button-text\">Odwied\u017a stron\u0119<\/span>\n\t\t\t\t\t<\/span>\n\t\t\t\t\t<\/a>\n\t\t\t\t<\/div>\n\t\t\t\t\t\t\t\t<\/div>\n\t\t\t\t<\/div>\n\t\t\t\t\t<\/div>\n\t\t<\/div>\n\t\t\t\t\t<\/div>\n\t\t<\/section>\n\t\t\t\t<section class=\"elementor-section elementor-top-section elementor-element elementor-element-e0245ff elementor-section-boxed elementor-section-height-default elementor-section-height-default\" data-id=\"e0245ff\" data-element_type=\"section\" data-e-type=\"section\" data-settings=\"{&quot;background_background&quot;:&quot;classic&quot;}\">\n\t\t\t\t\t\t<div class=\"elementor-container elementor-column-gap-default\">\n\t\t\t\t\t<div class=\"elementor-column elementor-col-100 elementor-top-column elementor-element elementor-element-7d92c91\" data-id=\"7d92c91\" data-element_type=\"column\" data-e-type=\"column\">\n\t\t\t<div class=\"elementor-widget-wrap elementor-element-populated\">\n\t\t\t\t\t\t<div class=\"elementor-element elementor-element-380a58b elementor-widget elementor-widget-spacer\" data-id=\"380a58b\" data-element_type=\"widget\" data-e-type=\"widget\" data-widget_type=\"spacer.default\">\n\t\t\t\t<div class=\"elementor-widget-container\">\n\t\t\t\t\t\t\t<div class=\"elementor-spacer\">\n\t\t\t<div class=\"elementor-spacer-inner\"><\/div>\n\t\t<\/div>\n\t\t\t\t\t\t<\/div>\n\t\t\t\t<\/div>\n\t\t\t\t\t<\/div>\n\t\t<\/div>\n\t\t\t\t\t<\/div>\n\t\t<\/section>\n\t\t\t\t<section class=\"elementor-section elementor-top-section elementor-element elementor-element-cc025e3 elementor-section-boxed elementor-section-height-default elementor-section-height-default\" data-id=\"cc025e3\" data-element_type=\"section\" data-e-type=\"section\" data-settings=\"{&quot;background_background&quot;:&quot;classic&quot;}\">\n\t\t\t\t\t\t<div class=\"elementor-container elementor-column-gap-default\">\n\t\t\t\t\t<div class=\"elementor-column elementor-col-100 elementor-top-column elementor-element elementor-element-28a37f0\" data-id=\"28a37f0\" data-element_type=\"column\" data-e-type=\"column\" data-settings=\"{&quot;background_background&quot;:&quot;classic&quot;}\">\n\t\t\t<div class=\"elementor-widget-wrap elementor-element-populated\">\n\t\t\t\t\t\t<div class=\"elementor-element elementor-element-a52bcd9 elementor-position-top elementor-widget elementor-widget-image-box\" data-id=\"a52bcd9\" data-element_type=\"widget\" data-e-type=\"widget\" data-widget_type=\"image-box.default\">\n\t\t\t\t<div class=\"elementor-widget-container\">\n\t\t\t\t\t<div class=\"elementor-image-box-wrapper\"><figure class=\"elementor-image-box-img\"><img decoding=\"async\" src=\"https:\/\/ideaerasmus.eu\/wp-content\/uploads\/elementor\/thumbs\/FUNDACIJA-rbxj56ou4n1qr8y6a5x6ccpsn2cwzdshevsyfxhkow.png\" title=\"FUNDACJA\" alt=\"FUNDACIJA\" loading=\"lazy\" \/><\/figure><div class=\"elementor-image-box-content\"><h3 class=\"elementor-image-box-title\">Fundacja imienia Braci Solu\u0144skich - Cyryla i Metodego<\/h3><p class=\"elementor-image-box-description\">Fundacja zajmuje si\u0119: <br>\n<b>1. Propagowanie warto\u015bci demokratycznych, inicjowanie i wspieranie innowacyjnych rozwi\u0105za\u0144 w r\u00f3\u017cnych obszarach \u017cycia spo\u0142ecznego, zw\u0142aszcza w zakresie ochrony praw i wolno\u015bci cz\u0142owieka i obywatela, \u017cycia rodzinnego oraz profilaktyki spo\u0142ecznej. <br><\/b><br>\n2. Wspieranie wszechstronnego rozwoju spo\u0142ecze\u0144stwa polskiego, a przede wszystkim dzia\u0142alno\u015b\u0107 spo\u0142eczna, informacyjna, kulturalna, naukowa i edukacyjna na rzecz rozwoju rynku i demokracji w Polsce oraz zbli\u017cenia narod\u00f3w i pa\u0144stw Europy \u015arodkowo-Wschodniej. <br><br>3. Propagowanie idei jedno\u015bci S\u0142owian, inicjowanie wsparcia i rozwijanie wsp\u00f3\u0142pracy na wszystkich szczeblach w\u0142adzy i samorz\u0105du terytorialnego. <br><br>4. Pog\u0142\u0119bianie wzajemnej wiedzy o kulturze i pokrewie\u0144stwach narod\u00f3w s\u0142owia\u0144skich oraz tradycji cyrylo-metodycznej. <br><br>5. Edukacja o wiedzy\/warto\u015bciach europejskich, wymiana i transfer do\u015bwiadcze\u0144 zdobytych we wsp\u00f3\u0142pracy z instytucjami Unii Europejskiej.<\/p><\/div><\/div>\t\t\t\t<\/div>\n\t\t\t\t<\/div>\n\t\t\t\t<div class=\"elementor-element elementor-element-02a001d elementor-align-center elementor-widget elementor-widget-button\" data-id=\"02a001d\" data-element_type=\"widget\" data-e-type=\"widget\" data-widget_type=\"button.default\">\n\t\t\t\t<div class=\"elementor-widget-container\">\n\t\t\t\t\t\t\t\t\t<div class=\"elementor-button-wrapper\">\n\t\t\t\t\t<a class=\"elementor-button elementor-button-link elementor-size-md\" href=\"http:\/\/fundacjacim.pl\/\" target=\"_blank\">\n\t\t\t\t\t\t<span class=\"elementor-button-content-wrapper\">\n\t\t\t\t\t\t\t\t\t<span class=\"elementor-button-text\">Odwied\u017a stron\u0119<\/span>\n\t\t\t\t\t<\/span>\n\t\t\t\t\t<\/a>\n\t\t\t\t<\/div>\n\t\t\t\t\t\t\t\t<\/div>\n\t\t\t\t<\/div>\n\t\t\t\t\t<\/div>\n\t\t<\/div>\n\t\t\t\t\t<\/div>\n\t\t<\/section>\n\t\t\t\t<section class=\"elementor-section elementor-top-section elementor-element elementor-element-d0db5e7 elementor-section-boxed elementor-section-height-default elementor-section-height-default\" data-id=\"d0db5e7\" data-element_type=\"section\" data-e-type=\"section\" data-settings=\"{&quot;background_background&quot;:&quot;classic&quot;}\">\n\t\t\t\t\t\t<div class=\"elementor-container elementor-column-gap-default\">\n\t\t\t\t\t<div class=\"elementor-column elementor-col-100 elementor-top-column elementor-element elementor-element-d74185a\" data-id=\"d74185a\" data-element_type=\"column\" data-e-type=\"column\">\n\t\t\t<div class=\"elementor-widget-wrap elementor-element-populated\">\n\t\t\t\t\t\t<div class=\"elementor-element elementor-element-3652c86 elementor-widget elementor-widget-spacer\" data-id=\"3652c86\" data-element_type=\"widget\" data-e-type=\"widget\" data-widget_type=\"spacer.default\">\n\t\t\t\t<div class=\"elementor-widget-container\">\n\t\t\t\t\t\t\t<div class=\"elementor-spacer\">\n\t\t\t<div class=\"elementor-spacer-inner\"><\/div>\n\t\t<\/div>\n\t\t\t\t\t\t<\/div>\n\t\t\t\t<\/div>\n\t\t\t\t\t<\/div>\n\t\t<\/div>\n\t\t\t\t\t<\/div>\n\t\t<\/section>\n\t\t\t\t<section class=\"elementor-section elementor-top-section elementor-element elementor-element-21c60b6 elementor-section-boxed elementor-section-height-default elementor-section-height-default\" data-id=\"21c60b6\" data-element_type=\"section\" data-e-type=\"section\" data-settings=\"{&quot;background_background&quot;:&quot;classic&quot;}\">\n\t\t\t\t\t\t<div class=\"elementor-container elementor-column-gap-default\">\n\t\t\t\t\t<div class=\"elementor-column elementor-col-100 elementor-top-column elementor-element elementor-element-3724f38\" data-id=\"3724f38\" data-element_type=\"column\" data-e-type=\"column\" data-settings=\"{&quot;background_background&quot;:&quot;classic&quot;}\">\n\t\t\t<div class=\"elementor-widget-wrap elementor-element-populated\">\n\t\t\t\t\t\t<div class=\"elementor-element elementor-element-aa6affc elementor-position-top elementor-widget elementor-widget-image-box\" data-id=\"aa6affc\" data-element_type=\"widget\" data-e-type=\"widget\" data-widget_type=\"image-box.default\">\n\t\t\t\t<div class=\"elementor-widget-container\">\n\t\t\t\t\t<div class=\"elementor-image-box-wrapper\"><figure class=\"elementor-image-box-img\"><img decoding=\"async\" src=\"https:\/\/ideaerasmus.eu\/wp-content\/uploads\/elementor\/thumbs\/Picture6-1-rbxj56ou4n1qr8y6a5x6ccpsn2cwzdshevsyfxhkow.png\" title=\"Zdj\u0119cie 6\" alt=\"Picture6\" loading=\"lazy\" \/><\/figure><div class=\"elementor-image-box-content\"><h3 class=\"elementor-image-box-title\">BO\u015aNIACKIE STOWARZYSZENIE PRZEDSTAWICIELI DLA WARTO\u015aCIOWYCH MO\u017bLIWO\u015aCI<\/h3><p class=\"elementor-image-box-description\"><b>Bo\u015bniackie Stowarzyszenie Przedstawicieli na rzecz Warto\u015bciowych Mo\u017cliwo\u015bci (BRAVO) jest organizacj\u0105 pozarz\u0105dow\u0105 non-profit. BRAVO to profesjonalna organizacja skupiaj\u0105ca si\u0119 na wiedzy, przedsi\u0119biorczo\u015bci, rozwoju spo\u0142ecze\u0144stwa obywatelskiego, edukacji pozaformalnej oraz innowacyjnych technikach uczenia si\u0119 i rozwoju m\u0142odzie\u017cy i doros\u0142ych. To, co czyni nasz\u0105 organizacj\u0119 wyj\u0105tkow\u0105 i gotow\u0105 do wzi\u0119cia odpowiedzialno\u015bci, to kluczowe zasady, kt\u00f3re piel\u0119gnujemy, celebrujemy i dzia\u0142amy w oparciu o tolerancj\u0119, demokracj\u0119, r\u00f3\u017cnorodno\u015b\u0107, dobrowolno\u015b\u0107 i otwarto\u015b\u0107. <br><\/b><br>Co wi\u0119cej, promuj\u0105c partnerstwa pomi\u0119dzy sektorem prywatnym, publicznym i spo\u0142ecze\u0144stwem obywatelskim, BRAVO ma doskona\u0142\u0105 pozycj\u0119, aby wp\u0142ywa\u0107 na zr\u00f3wnowa\u017cony rozw\u00f3j spo\u0142eczno\u015bci lokalnych i przyczynia\u0107 si\u0119 do niego, zw\u0142aszcza umo\u017cliwiaj\u0105c m\u0142odym ludziom zdobywanie umiej\u0119tno\u015bci potrzebnych w XXI wieku, wspieraj\u0105c bardziej dost\u0119pne , oferuj\u0105c w\u0142\u0105czaj\u0105c\u0105 edukacj\u0119 pozaformaln\u0105, a tak\u017ce inwestuj\u0105c w innowacje i przedsi\u0119biorczo\u015b\u0107.<\/p><\/div><\/div>\t\t\t\t<\/div>\n\t\t\t\t<\/div>\n\t\t\t\t<div class=\"elementor-element elementor-element-0a84a16 elementor-align-center elementor-widget elementor-widget-button\" data-id=\"0a84a16\" data-element_type=\"widget\" data-e-type=\"widget\" data-widget_type=\"button.default\">\n\t\t\t\t<div class=\"elementor-widget-container\">\n\t\t\t\t\t\t\t\t\t<div class=\"elementor-button-wrapper\">\n\t\t\t\t\t<a class=\"elementor-button elementor-button-link elementor-size-md\" href=\"http:\/\/www.bravo-bih.com\/\" target=\"_blank\">\n\t\t\t\t\t\t<span class=\"elementor-button-content-wrapper\">\n\t\t\t\t\t\t\t\t\t<span class=\"elementor-button-text\">Odwied\u017a stron\u0119<\/span>\n\t\t\t\t\t<\/span>\n\t\t\t\t\t<\/a>\n\t\t\t\t<\/div>\n\t\t\t\t\t\t\t\t<\/div>\n\t\t\t\t<\/div>\n\t\t\t\t\t<\/div>\n\t\t<\/div>\n\t\t\t\t\t<\/div>\n\t\t<\/section>\n\t\t\t\t<section class=\"elementor-section elementor-top-section elementor-element elementor-element-aac7db3 elementor-section-boxed elementor-section-height-default elementor-section-height-default\" data-id=\"aac7db3\" data-element_type=\"section\" data-e-type=\"section\" data-settings=\"{&quot;background_background&quot;:&quot;classic&quot;}\">\n\t\t\t\t\t\t<div class=\"elementor-container elementor-column-gap-default\">\n\t\t\t\t\t<div class=\"elementor-column elementor-col-100 elementor-top-column elementor-element elementor-element-da35752\" data-id=\"da35752\" data-element_type=\"column\" data-e-type=\"column\">\n\t\t\t<div class=\"elementor-widget-wrap elementor-element-populated\">\n\t\t\t\t\t\t<div class=\"elementor-element elementor-element-64f47e2 elementor-widget elementor-widget-spacer\" data-id=\"64f47e2\" data-element_type=\"widget\" data-e-type=\"widget\" data-widget_type=\"spacer.default\">\n\t\t\t\t<div class=\"elementor-widget-container\">\n\t\t\t\t\t\t\t<div class=\"elementor-spacer\">\n\t\t\t<div class=\"elementor-spacer-inner\"><\/div>\n\t\t<\/div>\n\t\t\t\t\t\t<\/div>\n\t\t\t\t<\/div>\n\t\t\t\t\t<\/div>\n\t\t<\/div>\n\t\t\t\t\t<\/div>\n\t\t<\/section>\n\t\t\t\t<section class=\"elementor-section elementor-top-section elementor-element elementor-element-2ab0818 elementor-section-boxed elementor-section-height-default elementor-section-height-default\" data-id=\"2ab0818\" data-element_type=\"section\" data-e-type=\"section\" data-settings=\"{&quot;background_background&quot;:&quot;classic&quot;}\">\n\t\t\t\t\t\t<div class=\"elementor-container elementor-column-gap-default\">\n\t\t\t\t\t<div class=\"elementor-column elementor-col-100 elementor-top-column elementor-element elementor-element-c6f0dcb\" data-id=\"c6f0dcb\" data-element_type=\"column\" data-e-type=\"column\" data-settings=\"{&quot;background_background&quot;:&quot;classic&quot;}\">\n\t\t\t<div class=\"elementor-widget-wrap elementor-element-populated\">\n\t\t\t\t\t\t<div class=\"elementor-element elementor-element-f7f4b82 elementor-position-top elementor-widget elementor-widget-image-box\" data-id=\"f7f4b82\" data-element_type=\"widget\" data-e-type=\"widget\" data-widget_type=\"image-box.default\">\n\t\t\t\t<div class=\"elementor-widget-container\">\n\t\t\t\t\t<div class=\"elementor-image-box-wrapper\"><figure class=\"elementor-image-box-img\"><img decoding=\"async\" src=\"https:\/\/ideaerasmus.eu\/wp-content\/uploads\/elementor\/thumbs\/Picture3-rbxj56ou4n1qr8y6a5x6ccpsn2cwzdshevsyfxhkow.png\" title=\"Zdj\u0119cie 3\" alt=\"Picture3\" loading=\"lazy\" \/><\/figure><div class=\"elementor-image-box-content\"><h3 class=\"elementor-image-box-title\">Eco Logic<\/h3><p class=\"elementor-image-box-description\"><b>ECO \u2013 LOGIC jest organizacj\u0105 non-profit zajmuj\u0105c\u0105 si\u0119 ochron\u0105 i konserwacj\u0105 \u015brodowiska, promocj\u0105 nowoczesnych praktyk ekologicznych, a tak\u017ce monitorowaniem i promowaniem zasady zr\u00f3wnowa\u017conego rozwoju, k\u0142ad\u0105c nacisk na plac\u00f3wki szkolnictwa podstawowego (szko\u0142y podstawowe i podstawowe, zar\u00f3wno formalnych, jak i pozaformalnych). <br><\/b><br>\nNasza organizacja zach\u0119ca i wspiera pozytywne zmiany w spo\u0142ecze\u0144stwie w postaci: <br><br>\n- Promowanie ekologii jako nauki i promowanie koncepcji czystszej produkcji, k\u0142ad\u0105c nacisk na szko\u0142y podstawowe. <br><br>\n- Ochrona i ochrona przyrody i \u015brodowiska, a tak\u017ce rozpowszechnianie wiedzy ekologicznej i doskonalenie edukacji ekologicznej <br><br>\n- Promowanie zasady zr\u00f3wnowa\u017conego rozwoju i rozwoju program\u00f3w VET w terenie.\n<\/p><\/div><\/div>\t\t\t\t<\/div>\n\t\t\t\t<\/div>\n\t\t\t\t<div class=\"elementor-element elementor-element-5ee8b03 elementor-align-center elementor-widget elementor-widget-button\" data-id=\"5ee8b03\" data-element_type=\"widget\" data-e-type=\"widget\" data-widget_type=\"button.default\">\n\t\t\t\t<div class=\"elementor-widget-container\">\n\t\t\t\t\t\t\t\t\t<div class=\"elementor-button-wrapper\">\n\t\t\t\t\t<a class=\"elementor-button elementor-button-link elementor-size-md\" href=\"https:\/\/ecologic.mk\/\" target=\"_blank\">\n\t\t\t\t\t\t<span class=\"elementor-button-content-wrapper\">\n\t\t\t\t\t\t\t\t\t<span class=\"elementor-button-text\">Odwied\u017a stron\u0119<\/span>\n\t\t\t\t\t<\/span>\n\t\t\t\t\t<\/a>\n\t\t\t\t<\/div>\n\t\t\t\t\t\t\t\t<\/div>\n\t\t\t\t<\/div>\n\t\t\t\t\t<\/div>\n\t\t<\/div>\n\t\t\t\t\t<\/div>\n\t\t<\/section>\n\t\t\t\t<section class=\"elementor-section elementor-top-section elementor-element elementor-element-ec80f57 elementor-section-boxed elementor-section-height-default elementor-section-height-default\" data-id=\"ec80f57\" data-element_type=\"section\" data-e-type=\"section\" data-settings=\"{&quot;background_background&quot;:&quot;classic&quot;}\">\n\t\t\t\t\t\t<div class=\"elementor-container elementor-column-gap-default\">\n\t\t\t\t\t<div class=\"elementor-column elementor-col-100 elementor-top-column elementor-element elementor-element-5368aa2\" data-id=\"5368aa2\" data-element_type=\"column\" data-e-type=\"column\">\n\t\t\t<div class=\"elementor-widget-wrap elementor-element-populated\">\n\t\t\t\t\t\t<div class=\"elementor-element elementor-element-fcd10a8 elementor-widget elementor-widget-spacer\" data-id=\"fcd10a8\" data-element_type=\"widget\" data-e-type=\"widget\" data-widget_type=\"spacer.default\">\n\t\t\t\t<div class=\"elementor-widget-container\">\n\t\t\t\t\t\t\t<div class=\"elementor-spacer\">\n\t\t\t<div class=\"elementor-spacer-inner\"><\/div>\n\t\t<\/div>\n\t\t\t\t\t\t<\/div>\n\t\t\t\t<\/div>\n\t\t\t\t\t<\/div>\n\t\t<\/div>\n\t\t\t\t\t<\/div>\n\t\t<\/section>\n\t\t\t\t<section class=\"elementor-section elementor-top-section elementor-element elementor-element-d79eb3d elementor-section-boxed elementor-section-height-default elementor-section-height-default\" data-id=\"d79eb3d\" data-element_type=\"section\" data-e-type=\"section\" data-settings=\"{&quot;background_background&quot;:&quot;classic&quot;}\">\n\t\t\t\t\t\t<div class=\"elementor-container elementor-column-gap-default\">\n\t\t\t\t\t<div class=\"elementor-column elementor-col-100 elementor-top-column elementor-element elementor-element-9b9149e\" data-id=\"9b9149e\" data-element_type=\"column\" data-e-type=\"column\" data-settings=\"{&quot;background_background&quot;:&quot;classic&quot;}\">\n\t\t\t<div class=\"elementor-widget-wrap elementor-element-populated\">\n\t\t\t\t\t\t<div class=\"elementor-element elementor-element-c9889a4 elementor-position-top elementor-widget elementor-widget-image-box\" data-id=\"c9889a4\" data-element_type=\"widget\" data-e-type=\"widget\" data-widget_type=\"image-box.default\">\n\t\t\t\t<div class=\"elementor-widget-container\">\n\t\t\t\t\t<div class=\"elementor-image-box-wrapper\"><figure class=\"elementor-image-box-img\"><img decoding=\"async\" src=\"https:\/\/ideaerasmus.eu\/wp-content\/uploads\/elementor\/thumbs\/LOGOMVNGO-fotor-bg-remover-2023062711417-rbxj56ou4n1qr8y6a5x6ccpsn2cwzdshevsyfxhkow.png\" title=\"LOGOMVNGO-fotor-bg-remover-2023062711417\" alt=\"LOGOMVNGO-fotor-bg-remover-2023062711417\" loading=\"lazy\" \/><\/figure><div class=\"elementor-image-box-content\"><h3 class=\"elementor-image-box-title\">Organizacja pozarz\u0105dowa MINE VAGANTI<\/h3><p class=\"elementor-image-box-description\"><b>Mine Vaganti NGO to organizacja non-profit za\u0142o\u017cona na Sardynii w 2009 roku, kt\u00f3rej us\u0142ugi obejmuj\u0105 edukacj\u0119 i szkolenia, projektowanie i rozw\u00f3j projekt\u00f3w, badania tematyczne, mobilno\u015b\u0107 mi\u0119dzynarodow\u0105 i doradztwo - w sektorach m\u0142odzie\u017cy, doros\u0142ych, edukacji i sportu. <br><\/b><br>MVNGO ma 3 biura w Sassari, Olbii i Tempio Pausania, dzia\u0142aj\u0105ce na p\u00f3\u0142noc Sardynii i si\u0119gaj\u0105ce swoimi oddzia\u0142ami operacyjnymi do wielu innych region\u00f3w W\u0142och, w Europie i poza ni\u0105. Cz\u0142onkowie MVNGO dzia\u0142aj\u0105 w wyspecjalizowanych zespo\u0142ach, kt\u00f3rych zadaniem jest tworzenie, rozwijanie i wdra\u017canie mi\u0119dzynarodowych projekt\u00f3w z zakresu bada\u0144, innowacji czy wymiany dobrych praktyk, czasami osi\u0105gaj\u0105c cel poprzez seminaria i\/lub szkolenia. W zespo\u0142ach roboczych MVNGO pracuj\u0105 trenerzy\/facylitatorzy (akredytowani przez Salto), kt\u00f3rzy posiadaj\u0105 bogate do\u015bwiadczenie i ch\u0119tnie anga\u017cuj\u0105 si\u0119 w realizacj\u0119 proponowanych projekt\u00f3w.<\/p><\/div><\/div>\t\t\t\t<\/div>\n\t\t\t\t<\/div>\n\t\t\t\t<div class=\"elementor-element elementor-element-c2f7799 elementor-align-center elementor-widget elementor-widget-button\" data-id=\"c2f7799\" data-element_type=\"widget\" data-e-type=\"widget\" data-widget_type=\"button.default\">\n\t\t\t\t<div class=\"elementor-widget-container\">\n\t\t\t\t\t\t\t\t\t<div class=\"elementor-button-wrapper\">\n\t\t\t\t\t<a class=\"elementor-button elementor-button-link elementor-size-md\" href=\"http:\/\/www.minevaganti.org\/\" target=\"_blank\">\n\t\t\t\t\t\t<span class=\"elementor-button-content-wrapper\">\n\t\t\t\t\t\t\t\t\t<span class=\"elementor-button-text\">Odwied\u017a stron\u0119<\/span>\n\t\t\t\t\t<\/span>\n\t\t\t\t\t<\/a>\n\t\t\t\t<\/div>\n\t\t\t\t\t\t\t\t<\/div>\n\t\t\t\t<\/div>\n\t\t\t\t\t<\/div>\n\t\t<\/div>\n\t\t\t\t\t<\/div>\n\t\t<\/section>\n\t\t\t\t<section class=\"elementor-section elementor-top-section elementor-element elementor-element-f712d17 elementor-section-boxed elementor-section-height-default elementor-section-height-default\" data-id=\"f712d17\" data-element_type=\"section\" data-e-type=\"section\" data-settings=\"{&quot;background_background&quot;:&quot;classic&quot;}\">\n\t\t\t\t\t\t<div class=\"elementor-container elementor-column-gap-default\">\n\t\t\t\t\t<div class=\"elementor-column elementor-col-100 elementor-top-column elementor-element elementor-element-c7054e5\" data-id=\"c7054e5\" data-element_type=\"column\" data-e-type=\"column\">\n\t\t\t<div class=\"elementor-widget-wrap elementor-element-populated\">\n\t\t\t\t\t\t<div class=\"elementor-element elementor-element-d2e515c elementor-widget elementor-widget-spacer\" data-id=\"d2e515c\" data-element_type=\"widget\" data-e-type=\"widget\" data-widget_type=\"spacer.default\">\n\t\t\t\t<div class=\"elementor-widget-container\">\n\t\t\t\t\t\t\t<div class=\"elementor-spacer\">\n\t\t\t<div class=\"elementor-spacer-inner\"><\/div>\n\t\t<\/div>\n\t\t\t\t\t\t<\/div>\n\t\t\t\t<\/div>\n\t\t\t\t\t<\/div>\n\t\t<\/div>\n\t\t\t\t\t<\/div>\n\t\t<\/section>\n\t\t\t\t<\/div>","protected":false},"excerpt":{"rendered":"<p>Caritas Archidiecezji Przemyskiej Caritas of the Archdiocese of Przemy\u015bl is a non-governmental organisation operating in the Archdiocese of Przemy\u015bl since 1990. The organisation&#8217;s activity is based on helping people in need, including: &#8211; the homeless &#8211; disabled &#8211; lonely &#8211; older &#8211; unemployed Caritas runs a canteen for people experiencing poverty, a bathhouse and cyclical [&hellip;]<\/p>\n","protected":false},"author":1,"featured_media":0,"parent":0,"menu_order":0,"comment_status":"closed","ping_status":"closed","template":"elementor_header_footer","meta":{"footnotes":""},"class_list":["post-42","page","type-page","status-publish","hentry"],"blocksy_meta":[],"_links":{"self":[{"href":"https:\/\/ideaerasmus.eu\/pl\/wp-json\/wp\/v2\/pages\/42","targetHints":{"allow":["GET"]}}],"collection":[{"href":"https:\/\/ideaerasmus.eu\/pl\/wp-json\/wp\/v2\/pages"}],"about":[{"href":"https:\/\/ideaerasmus.eu\/pl\/wp-json\/wp\/v2\/types\/page"}],"author":[{"embeddable":true,"href":"https:\/\/ideaerasmus.eu\/pl\/wp-json\/wp\/v2\/users\/1"}],"replies":[{"embeddable":true,"href":"https:\/\/ideaerasmus.eu\/pl\/wp-json\/wp\/v2\/comments?post=42"}],"version-history":[{"count":40,"href":"https:\/\/ideaerasmus.eu\/pl\/wp-json\/wp\/v2\/pages\/42\/revisions"}],"predecessor-version":[{"id":587,"href":"https:\/\/ideaerasmus.eu\/pl\/wp-json\/wp\/v2\/pages\/42\/revisions\/587"}],"wp:attachment":[{"href":"https:\/\/ideaerasmus.eu\/pl\/wp-json\/wp\/v2\/media?parent=42"}],"curies":[{"name":"wp","href":"https:\/\/api.w.org\/{rel}","templated":true}]}}