{"id":17,"date":"2023-05-24T10:30:45","date_gmt":"2023-05-24T10:30:45","guid":{"rendered":"https:\/\/1daf4f9a-f32b-44d6-96ad-fc4cbd1c58d7.eu02.conves.io\/?page_id=17"},"modified":"2024-09-05T10:31:29","modified_gmt":"2024-09-05T10:31:29","slug":"about","status":"publish","type":"page","link":"https:\/\/ideaerasmus.eu\/pl\/about\/","title":{"rendered":"About"},"content":{"rendered":"<div data-elementor-type=\"wp-page\" data-elementor-id=\"17\" class=\"elementor elementor-17\">\n\t\t\t\t\t\t<section class=\"elementor-section elementor-top-section elementor-element elementor-element-8352b4e elementor-section-boxed elementor-section-height-default elementor-section-height-default\" data-id=\"8352b4e\" data-element_type=\"section\" data-e-type=\"section\" data-settings=\"{&quot;background_background&quot;:&quot;classic&quot;}\">\n\t\t\t\t\t\t<div class=\"elementor-container elementor-column-gap-default\">\n\t\t\t\t\t<div class=\"elementor-column elementor-col-100 elementor-top-column elementor-element elementor-element-9a5e681\" data-id=\"9a5e681\" data-element_type=\"column\" data-e-type=\"column\">\n\t\t\t<div class=\"elementor-widget-wrap elementor-element-populated\">\n\t\t\t\t\t\t<div class=\"elementor-element elementor-element-865e478 elementor-widget elementor-widget-heading\" data-id=\"865e478\" data-element_type=\"widget\" data-e-type=\"widget\" data-widget_type=\"heading.default\">\n\t\t\t\t<div class=\"elementor-widget-container\">\n\t\t\t\t\t<h2 class=\"elementor-heading-title elementor-size-default\">O projekcie IDEA<\/h2>\t\t\t\t<\/div>\n\t\t\t\t<\/div>\n\t\t\t\t\t<\/div>\n\t\t<\/div>\n\t\t\t\t\t<\/div>\n\t\t<\/section>\n\t\t\t\t<section class=\"elementor-section elementor-top-section elementor-element elementor-element-5b6ec74 elementor-section-boxed elementor-section-height-default elementor-section-height-default\" data-id=\"5b6ec74\" data-element_type=\"section\" data-e-type=\"section\" data-settings=\"{&quot;background_background&quot;:&quot;classic&quot;}\">\n\t\t\t\t\t\t<div class=\"elementor-container elementor-column-gap-default\">\n\t\t\t\t\t<div class=\"elementor-column elementor-col-100 elementor-top-column elementor-element elementor-element-6289e19\" data-id=\"6289e19\" data-element_type=\"column\" data-e-type=\"column\">\n\t\t\t<div class=\"elementor-widget-wrap elementor-element-populated\">\n\t\t\t\t\t\t<div class=\"elementor-element elementor-element-50b79d0 elementor-widget elementor-widget-text-editor\" data-id=\"50b79d0\" data-element_type=\"widget\" data-e-type=\"widget\" data-widget_type=\"text-editor.default\">\n\t\t\t\t<div class=\"elementor-widget-container\">\n\t\t\t\t\t\t\t\t\t<h6 style=\"text-align: center;\">\"Zwi\u0119kszona zdolno\u015b\u0107 do zatrudnienia poprzez edukacj\u0119 w zakresie gospodarki o obiegu zamkni\u0119tym dla doros\u0142ych\" to 30-miesi\u0119czne partnerstwo na rzecz wsp\u00f3\u0142pracy w celu promowania gospodarki o obiegu zamkni\u0119tym i rzemios\u0142a z tworzyw sztucznych w\u015br\u00f3d bezrobotnych doros\u0142ych. Poniewa\u017c Unia Europejska przechodzi proces zielonej renowacji, maj\u0105cy na celu osi\u0105gni\u0119cie neutralno\u015bci klimatycznej do 2050 r., wp\u0142ynie to na wiele sektor\u00f3w, a gospodarka o obiegu zamkni\u0119tym stanie si\u0119 coraz wa\u017cniejsza w codziennym \u017cyciu ludzi.\u00a0<\/h6><p style=\"text-align: center;\"><i>Wed\u0142ug najwa\u017cniejszego raportu opublikowanego przez OECD w 2020 r. pt. \u201eKonsekwencje dla rynku pracy przej\u015bcia do gospodarki o obiegu zamkni\u0119tym: dokument przegl\u0105dowy\u201d, wp\u0142yw gospodarki o obiegu zamkni\u0119tym i efektywnego gospodarowania zasobami jest wci\u0105\u017c nowym polem badawczym i wymaga dalszego pog\u0142\u0119bienia. Oczekuje si\u0119, \u017ce przej\u015bcie UE na zasobooszcz\u0119dn\u0105, cyfrow\u0105 i neutraln\u0105 dla klimatu gospodark\u0119 o obiegu zamkni\u0119tym spowoduje utworzenie nowych miejsc pracy, podczas gdy inne miejsca pracy ulegn\u0105 zmianie lub nawet znikn\u0105.\u00a0<\/i><\/p><p style=\"text-align: center;\"><i>Z tych powod\u00f3w apeluje o dzia\u0142ania wspieraj\u0105ce podw\u00f3jn\u0105 transformacj\u0119 i gwarantuj\u0105ce, \u017ce ludzie b\u0119d\u0105 posiada\u0107 umiej\u0119tno\u015bci odpowiednie do wykonywania pracy.<\/i><\/p>\t\t\t\t\t\t\t\t<\/div>\n\t\t\t\t<\/div>\n\t\t\t\t<div class=\"elementor-element elementor-element-2a3d174 elementor-widget elementor-widget-text-editor\" data-id=\"2a3d174\" data-element_type=\"widget\" data-e-type=\"widget\" data-widget_type=\"text-editor.default\">\n\t\t\t\t<div class=\"elementor-widget-container\">\n\t\t\t\t\t\t\t\t\t<p style=\"text-align: center;\"><span style=\"color: #000000;\"><b>Cele projektu s\u0105 dwojakie. Po pierwsze, ma na celu wywo\u0142anie zmiany nawyk\u00f3w dotycz\u0105cych temat\u00f3w gospodarki o obiegu zamkni\u0119tym, takich jak gospodarka odpadami w\u015br\u00f3d grupy docelowej (bezrobotni doro\u015bli powy\u017cej 50 roku \u017cycia).\u00a0<span style=\"font-size: inherit; font-family: var(--fontFamily); font-style: var(--fontStyle, inherit); letter-spacing: var(--letterSpacing); text-transform: var(--textTransform);\">W tym kontek\u015bcie potrzebne jest szersze promowanie pozytywnych skutk\u00f3w spo\u0142ecznych, jakie gospodarka o obiegu zamkni\u0119tym mo\u017ce mie\u0107 na osoby doros\u0142e zagro\u017cone wykluczeniem, aw szczeg\u00f3lno\u015bci na kobiety.\u00a0<\/span><\/b><\/span><\/p><p style=\"text-align: center;\"><span style=\"color: #000000;\"><i>W rzeczywisto\u015bci CE mo\u017ce sprzyja\u0107 nie tylko szansom na zatrudnienie, ale tak\u017ce w\u0142\u0105czeniu spo\u0142ecznemu poprzez promowanie wi\u0119kszego poczucia sprawiedliwo\u015bci spo\u0142ecznej i r\u00f3wno\u015bci spo\u0142ecznej w bardziej znacz\u0105cych ramach zr\u00f3wnowa\u017conego rozwoju, zaspokajaj\u0105c potrzeby obecnych i przysz\u0142ych pokole\u0144 (Padilla-Rivera, 2020).<\/i><\/span><\/p>\t\t\t\t\t\t\t\t<\/div>\n\t\t\t\t<\/div>\n\t\t\t\t<div class=\"elementor-element elementor-element-3870660 elementor-widget elementor-widget-spacer\" data-id=\"3870660\" data-element_type=\"widget\" data-e-type=\"widget\" data-widget_type=\"spacer.default\">\n\t\t\t\t<div class=\"elementor-widget-container\">\n\t\t\t\t\t\t\t<div class=\"elementor-spacer\">\n\t\t\t<div class=\"elementor-spacer-inner\"><\/div>\n\t\t<\/div>\n\t\t\t\t\t\t<\/div>\n\t\t\t\t<\/div>\n\t\t\t\t\t<\/div>\n\t\t<\/div>\n\t\t\t\t\t<\/div>\n\t\t<\/section>\n\t\t\t\t<section class=\"elementor-section elementor-top-section elementor-element elementor-element-4a287c8 elementor-section-boxed elementor-section-height-default elementor-section-height-default\" data-id=\"4a287c8\" data-element_type=\"section\" data-e-type=\"section\">\n\t\t\t\t\t\t\t<div class=\"elementor-background-overlay\"><\/div>\n\t\t\t\t\t\t\t<div class=\"elementor-container elementor-column-gap-default\">\n\t\t\t\t\t<div class=\"elementor-column elementor-col-100 elementor-top-column elementor-element elementor-element-5b16dd3\" data-id=\"5b16dd3\" data-element_type=\"column\" data-e-type=\"column\">\n\t\t\t<div class=\"elementor-widget-wrap elementor-element-populated\">\n\t\t\t\t\t\t<div class=\"elementor-element elementor-element-1ba7fc0 elementor-widget elementor-widget-heading\" data-id=\"1ba7fc0\" data-element_type=\"widget\" data-e-type=\"widget\" data-widget_type=\"heading.default\">\n\t\t\t\t<div class=\"elementor-widget-container\">\n\t\t\t\t\t<h4 class=\"elementor-heading-title elementor-size-default\">Aby osi\u0105gn\u0105\u0107 sw\u00f3j g\u0142\u00f3wny cel, projekt okre\u015bli\u0142 nast\u0119puj\u0105ce cele szczeg\u00f3\u0142owe:<\/h4>\t\t\t\t<\/div>\n\t\t\t\t<\/div>\n\t\t\t\t\t<\/div>\n\t\t<\/div>\n\t\t\t\t\t<\/div>\n\t\t<\/section>\n\t\t\t\t<section class=\"elementor-section elementor-top-section elementor-element elementor-element-35dba56 elementor-section-boxed elementor-section-height-default elementor-section-height-default\" data-id=\"35dba56\" data-element_type=\"section\" data-e-type=\"section\">\n\t\t\t\t\t\t<div class=\"elementor-container elementor-column-gap-default\">\n\t\t\t\t\t<div class=\"elementor-column elementor-col-100 elementor-top-column elementor-element elementor-element-2124730\" data-id=\"2124730\" data-element_type=\"column\" data-e-type=\"column\">\n\t\t\t<div class=\"elementor-widget-wrap elementor-element-populated\">\n\t\t\t\t\t\t<div class=\"elementor-element elementor-element-c859205 elementor-widget elementor-widget-text-editor\" data-id=\"c859205\" data-element_type=\"widget\" data-e-type=\"widget\" data-widget_type=\"text-editor.default\">\n\t\t\t\t<div class=\"elementor-widget-container\">\n\t\t\t\t\t\t\t\t\t<p style=\"text-align: center;\"><em>Tworzenie \u015bcie\u017cek podnoszenia kwalifikacji dla kobiet zagro\u017conych wykluczeniem (w wieku 45+) i\/lub tych, kt\u00f3re nie uko\u0144czy\u0142y studi\u00f3w, oraz zwi\u0119kszanie wykorzystania przez nie nowych mo\u017cliwo\u015bci kszta\u0142cenia doros\u0142ych w dziedzinie gospodarki o obiegu zamkni\u0119tym i zr\u00f3wnowa\u017conego rozwoju.<\/em><\/p>\t\t\t\t\t\t\t\t<\/div>\n\t\t\t\t<\/div>\n\t\t\t\t<div class=\"elementor-element elementor-element-2c63c24 elementor-widget elementor-widget-spacer\" data-id=\"2c63c24\" data-element_type=\"widget\" data-e-type=\"widget\" data-widget_type=\"spacer.default\">\n\t\t\t\t<div class=\"elementor-widget-container\">\n\t\t\t\t\t\t\t<div class=\"elementor-spacer\">\n\t\t\t<div class=\"elementor-spacer-inner\"><\/div>\n\t\t<\/div>\n\t\t\t\t\t\t<\/div>\n\t\t\t\t<\/div>\n\t\t\t\t\t<\/div>\n\t\t<\/div>\n\t\t\t\t\t<\/div>\n\t\t<\/section>\n\t\t\t\t<section class=\"elementor-section elementor-top-section elementor-element elementor-element-9c06de2 elementor-section-boxed elementor-section-height-default elementor-section-height-default\" data-id=\"9c06de2\" data-element_type=\"section\" data-e-type=\"section\">\n\t\t\t\t\t\t<div class=\"elementor-container elementor-column-gap-default\">\n\t\t\t\t\t<div class=\"elementor-column elementor-col-100 elementor-top-column elementor-element elementor-element-b56ada3\" data-id=\"b56ada3\" data-element_type=\"column\" data-e-type=\"column\">\n\t\t\t<div class=\"elementor-widget-wrap elementor-element-populated\">\n\t\t\t\t\t\t<div class=\"elementor-element elementor-element-b98bdad elementor-widget elementor-widget-text-editor\" data-id=\"b98bdad\" data-element_type=\"widget\" data-e-type=\"widget\" data-widget_type=\"text-editor.default\">\n\t\t\t\t<div class=\"elementor-widget-container\">\n\t\t\t\t\t\t\t\t\t<p style=\"text-align: center;\"><em>Zapewnienie edukatorom doros\u0142ych i trenerom umiej\u0119tno\u015bci, kompetencji i narz\u0119dzi do anga\u017cowania kobiet zagro\u017conych wykluczeniem (45+) i\/lub tych, kt\u00f3re nie uko\u0144czy\u0142y studi\u00f3w.<\/em><\/p>\t\t\t\t\t\t\t\t<\/div>\n\t\t\t\t<\/div>\n\t\t\t\t\t<\/div>\n\t\t<\/div>\n\t\t\t\t\t<\/div>\n\t\t<\/section>\n\t\t\t\t<\/div>","protected":false},"excerpt":{"rendered":"<p>About IDEA Project &#8220;Improved Employability through circular economy education for Adults&#8221; is a 30 months Cooperation partnership to promote Circular Economy and Plastic Craftworks among unemployed adults. As the European Union is going through a green renovation process, aiming at becoming climate neutral by 2050, many sectors will be affected, and the circular economy will [&hellip;]<\/p>\n","protected":false},"author":1,"featured_media":0,"parent":0,"menu_order":0,"comment_status":"closed","ping_status":"closed","template":"elementor_header_footer","meta":{"footnotes":""},"class_list":["post-17","page","type-page","status-publish","hentry"],"blocksy_meta":[],"_links":{"self":[{"href":"https:\/\/ideaerasmus.eu\/pl\/wp-json\/wp\/v2\/pages\/17","targetHints":{"allow":["GET"]}}],"collection":[{"href":"https:\/\/ideaerasmus.eu\/pl\/wp-json\/wp\/v2\/pages"}],"about":[{"href":"https:\/\/ideaerasmus.eu\/pl\/wp-json\/wp\/v2\/types\/page"}],"author":[{"embeddable":true,"href":"https:\/\/ideaerasmus.eu\/pl\/wp-json\/wp\/v2\/users\/1"}],"replies":[{"embeddable":true,"href":"https:\/\/ideaerasmus.eu\/pl\/wp-json\/wp\/v2\/comments?post=17"}],"version-history":[{"count":49,"href":"https:\/\/ideaerasmus.eu\/pl\/wp-json\/wp\/v2\/pages\/17\/revisions"}],"predecessor-version":[{"id":735,"href":"https:\/\/ideaerasmus.eu\/pl\/wp-json\/wp\/v2\/pages\/17\/revisions\/735"}],"wp:attachment":[{"href":"https:\/\/ideaerasmus.eu\/pl\/wp-json\/wp\/v2\/media?parent=17"}],"curies":[{"name":"wp","href":"https:\/\/api.w.org\/{rel}","templated":true}]}}